{"id":2162,"date":"2022-01-31T21:25:21","date_gmt":"2022-01-31T20:25:21","guid":{"rendered":"https:\/\/dev.provendi.fr\/product\/soap-holder-with-screw\/"},"modified":"2026-01-12T10:28:17","modified_gmt":"2026-01-12T09:28:17","slug":"soap-holder","status":"publish","type":"product","link":"https:\/\/provendi.fr\/en\/product\/soap-holder\/","title":{"rendered":"Soap holder with screw"},"content":{"rendered":"","protected":false},"excerpt":{"rendered":"<p>Directions for use: remove the screw at the end of the soap holder stem and then insert the Rotative Soap on the shaft. Replace the screw to keep the soap on the soap holder.<\/p>\n","protected":false},"featured_media":2013,"template":"","meta":{"_acf_changed":false},"product_brand":[],"product_cat":[83,81],"product_tag":[],"class_list":{"0":"post-2162","1":"product","2":"type-product","3":"status-publish","4":"has-post-thumbnail","6":"product_cat-rotative-soap","7":"product_cat-soap-holders","9":"first","10":"instock","11":"taxable","12":"shipping-taxable","13":"purchasable","14":"product-type-variable","15":"has-default-attributes"},"acf":[],"yoast_head":"<!-- This site is optimized with the Yoast SEO plugin v27.3 - https:\/\/yoast.com\/product\/yoast-seo-wordpress\/ -->\n<title>Soap holder with screw &#8212; Laboratoire Provendi<\/title>\n<meta name=\"description\" content=\"Cr\u00e9\u00e9 en Haute-Savoie en 1950, le savon de l&#039;\u00e9colier est toujours fabriqu\u00e9 selon la recette traditionnelle et conserve toute son authenticit\u00e9.\" \/>\n<meta name=\"robots\" content=\"index, follow, max-snippet:-1, max-image-preview:large, max-video-preview:-1\" \/>\n<link rel=\"canonical\" href=\"https:\/\/provendi.fr\/en\/product\/soap-holder\/\" \/>\n<meta property=\"og:locale\" content=\"en_US\" \/>\n<meta property=\"og:type\" content=\"article\" \/>\n<meta property=\"og:title\" content=\"Soap holder with screw &#8212; Laboratoire Provendi\" \/>\n<meta property=\"og:description\" content=\"Cr\u00e9\u00e9 en Haute-Savoie en 1950, le savon de l&#039;\u00e9colier est toujours fabriqu\u00e9 selon la recette traditionnelle et conserve toute son authenticit\u00e9.\" \/>\n<meta property=\"og:url\" content=\"https:\/\/provendi.fr\/en\/product\/soap-holder\/\" \/>\n<meta property=\"og:site_name\" content=\"Laboratoire Provendi\" \/>\n<meta property=\"article:publisher\" content=\"https:\/\/www.facebook.com\/Provendi-Laboratoire-172465576229152\" \/>\n<meta property=\"article:modified_time\" content=\"2026-01-12T09:28:17+00:00\" \/>\n<meta property=\"og:image\" content=\"https:\/\/provendi.fr\/wp-content\/uploads\/2022\/01\/portesavon-visalu.jpeg\" \/>\n\t<meta property=\"og:image:width\" content=\"2480\" \/>\n\t<meta property=\"og:image:height\" content=\"1772\" \/>\n\t<meta property=\"og:image:type\" content=\"image\/jpeg\" \/>\n<meta name=\"twitter:card\" content=\"summary_large_image\" \/>\n<script type=\"application\/ld+json\" class=\"yoast-schema-graph\">{\"@context\":\"https:\\\/\\\/schema.org\",\"@graph\":[{\"@type\":\"WebPage\",\"@id\":\"https:\\\/\\\/provendi.fr\\\/en\\\/product\\\/soap-holder\\\/\",\"url\":\"https:\\\/\\\/provendi.fr\\\/en\\\/product\\\/soap-holder\\\/\",\"name\":\"Soap holder with screw &#8212; Laboratoire Provendi\",\"isPartOf\":{\"@id\":\"https:\\\/\\\/provendi.fr\\\/en\\\/#website\"},\"primaryImageOfPage\":{\"@id\":\"https:\\\/\\\/provendi.fr\\\/en\\\/product\\\/soap-holder\\\/#primaryimage\"},\"image\":{\"@id\":\"https:\\\/\\\/provendi.fr\\\/en\\\/product\\\/soap-holder\\\/#primaryimage\"},\"thumbnailUrl\":\"https:\\\/\\\/provendi.fr\\\/wp-content\\\/uploads\\\/2022\\\/01\\\/portesavon-visalu.jpeg\",\"datePublished\":\"2022-01-31T20:25:21+00:00\",\"dateModified\":\"2026-01-12T09:28:17+00:00\",\"description\":\"Cr\u00e9\u00e9 en Haute-Savoie en 1950, le savon de l'\u00e9colier est toujours fabriqu\u00e9 selon la recette traditionnelle et conserve toute son authenticit\u00e9.\",\"breadcrumb\":{\"@id\":\"https:\\\/\\\/provendi.fr\\\/en\\\/product\\\/soap-holder\\\/#breadcrumb\"},\"inLanguage\":\"en-US\",\"potentialAction\":[{\"@type\":\"ReadAction\",\"target\":[\"https:\\\/\\\/provendi.fr\\\/en\\\/product\\\/soap-holder\\\/\"]}]},{\"@type\":\"ImageObject\",\"inLanguage\":\"en-US\",\"@id\":\"https:\\\/\\\/provendi.fr\\\/en\\\/product\\\/soap-holder\\\/#primaryimage\",\"url\":\"https:\\\/\\\/provendi.fr\\\/wp-content\\\/uploads\\\/2022\\\/01\\\/portesavon-visalu.jpeg\",\"contentUrl\":\"https:\\\/\\\/provendi.fr\\\/wp-content\\\/uploads\\\/2022\\\/01\\\/portesavon-visalu.jpeg\",\"width\":2480,\"height\":1772,\"caption\":\"Soap holder with screw\"},{\"@type\":\"BreadcrumbList\",\"@id\":\"https:\\\/\\\/provendi.fr\\\/en\\\/product\\\/soap-holder\\\/#breadcrumb\",\"itemListElement\":[{\"@type\":\"ListItem\",\"position\":1,\"name\":\"Accueil\",\"item\":\"https:\\\/\\\/provendi.fr\\\/en\\\/\"},{\"@type\":\"ListItem\",\"position\":2,\"name\":\"Eshop\",\"item\":\"https:\\\/\\\/provendi.fr\\\/en\\\/e-shop\\\/\"},{\"@type\":\"ListItem\",\"position\":3,\"name\":\"Soap holder with screw\"}]},{\"@type\":\"WebSite\",\"@id\":\"https:\\\/\\\/provendi.fr\\\/en\\\/#website\",\"url\":\"https:\\\/\\\/provendi.fr\\\/en\\\/\",\"name\":\"Laboratoire Provendi\",\"description\":\"Fabricant de savon liquide et produits cosm\u00e9tiques naturels\",\"publisher\":{\"@id\":\"https:\\\/\\\/provendi.fr\\\/en\\\/#organization\"},\"potentialAction\":[{\"@type\":\"SearchAction\",\"target\":{\"@type\":\"EntryPoint\",\"urlTemplate\":\"https:\\\/\\\/provendi.fr\\\/en\\\/?s={search_term_string}\"},\"query-input\":{\"@type\":\"PropertyValueSpecification\",\"valueRequired\":true,\"valueName\":\"search_term_string\"}}],\"inLanguage\":\"en-US\"},{\"@type\":\"Organization\",\"@id\":\"https:\\\/\\\/provendi.fr\\\/en\\\/#organization\",\"name\":\"Laboratoire Provendi\",\"url\":\"https:\\\/\\\/provendi.fr\\\/en\\\/\",\"logo\":{\"@type\":\"ImageObject\",\"inLanguage\":\"en-US\",\"@id\":\"https:\\\/\\\/provendi.fr\\\/en\\\/#\\\/schema\\\/logo\\\/image\\\/\",\"url\":\"https:\\\/\\\/provendi.fr\\\/wp-content\\\/uploads\\\/2022\\\/01\\\/Provendi-logo.png\",\"contentUrl\":\"https:\\\/\\\/provendi.fr\\\/wp-content\\\/uploads\\\/2022\\\/01\\\/Provendi-logo.png\",\"width\":1132,\"height\":349,\"caption\":\"Laboratoire Provendi\"},\"image\":{\"@id\":\"https:\\\/\\\/provendi.fr\\\/en\\\/#\\\/schema\\\/logo\\\/image\\\/\"},\"sameAs\":[\"https:\\\/\\\/www.facebook.com\\\/Provendi-Laboratoire-172465576229152\",\"https:\\\/\\\/www.instagram.com\\\/provendi_lab\\\/\",\"https:\\\/\\\/www.linkedin.com\\\/company\\\/provendi-laboratoire\\\/\"]}]}<\/script>\n<!-- \/ Yoast SEO plugin. -->","yoast_head_json":{"title":"Soap holder with screw &#8212; Laboratoire Provendi","description":"Cr\u00e9\u00e9 en Haute-Savoie en 1950, le savon de l'\u00e9colier est toujours fabriqu\u00e9 selon la recette traditionnelle et conserve toute son authenticit\u00e9.","robots":{"index":"index","follow":"follow","max-snippet":"max-snippet:-1","max-image-preview":"max-image-preview:large","max-video-preview":"max-video-preview:-1"},"canonical":"https:\/\/provendi.fr\/en\/product\/soap-holder\/","og_locale":"en_US","og_type":"article","og_title":"Soap holder with screw &#8212; Laboratoire Provendi","og_description":"Cr\u00e9\u00e9 en Haute-Savoie en 1950, le savon de l'\u00e9colier est toujours fabriqu\u00e9 selon la recette traditionnelle et conserve toute son authenticit\u00e9.","og_url":"https:\/\/provendi.fr\/en\/product\/soap-holder\/","og_site_name":"Laboratoire Provendi","article_publisher":"https:\/\/www.facebook.com\/Provendi-Laboratoire-172465576229152","article_modified_time":"2026-01-12T09:28:17+00:00","og_image":[{"width":2480,"height":1772,"url":"https:\/\/provendi.fr\/wp-content\/uploads\/2022\/01\/portesavon-visalu.jpeg","type":"image\/jpeg"}],"twitter_card":"summary_large_image","schema":{"@context":"https:\/\/schema.org","@graph":[{"@type":"WebPage","@id":"https:\/\/provendi.fr\/en\/product\/soap-holder\/","url":"https:\/\/provendi.fr\/en\/product\/soap-holder\/","name":"Soap holder with screw &#8212; Laboratoire Provendi","isPartOf":{"@id":"https:\/\/provendi.fr\/en\/#website"},"primaryImageOfPage":{"@id":"https:\/\/provendi.fr\/en\/product\/soap-holder\/#primaryimage"},"image":{"@id":"https:\/\/provendi.fr\/en\/product\/soap-holder\/#primaryimage"},"thumbnailUrl":"https:\/\/provendi.fr\/wp-content\/uploads\/2022\/01\/portesavon-visalu.jpeg","datePublished":"2022-01-31T20:25:21+00:00","dateModified":"2026-01-12T09:28:17+00:00","description":"Cr\u00e9\u00e9 en Haute-Savoie en 1950, le savon de l'\u00e9colier est toujours fabriqu\u00e9 selon la recette traditionnelle et conserve toute son authenticit\u00e9.","breadcrumb":{"@id":"https:\/\/provendi.fr\/en\/product\/soap-holder\/#breadcrumb"},"inLanguage":"en-US","potentialAction":[{"@type":"ReadAction","target":["https:\/\/provendi.fr\/en\/product\/soap-holder\/"]}]},{"@type":"ImageObject","inLanguage":"en-US","@id":"https:\/\/provendi.fr\/en\/product\/soap-holder\/#primaryimage","url":"https:\/\/provendi.fr\/wp-content\/uploads\/2022\/01\/portesavon-visalu.jpeg","contentUrl":"https:\/\/provendi.fr\/wp-content\/uploads\/2022\/01\/portesavon-visalu.jpeg","width":2480,"height":1772,"caption":"Soap holder with screw"},{"@type":"BreadcrumbList","@id":"https:\/\/provendi.fr\/en\/product\/soap-holder\/#breadcrumb","itemListElement":[{"@type":"ListItem","position":1,"name":"Accueil","item":"https:\/\/provendi.fr\/en\/"},{"@type":"ListItem","position":2,"name":"Eshop","item":"https:\/\/provendi.fr\/en\/e-shop\/"},{"@type":"ListItem","position":3,"name":"Soap holder with screw"}]},{"@type":"WebSite","@id":"https:\/\/provendi.fr\/en\/#website","url":"https:\/\/provendi.fr\/en\/","name":"Laboratoire Provendi","description":"Fabricant de savon liquide et produits cosm\u00e9tiques naturels","publisher":{"@id":"https:\/\/provendi.fr\/en\/#organization"},"potentialAction":[{"@type":"SearchAction","target":{"@type":"EntryPoint","urlTemplate":"https:\/\/provendi.fr\/en\/?s={search_term_string}"},"query-input":{"@type":"PropertyValueSpecification","valueRequired":true,"valueName":"search_term_string"}}],"inLanguage":"en-US"},{"@type":"Organization","@id":"https:\/\/provendi.fr\/en\/#organization","name":"Laboratoire Provendi","url":"https:\/\/provendi.fr\/en\/","logo":{"@type":"ImageObject","inLanguage":"en-US","@id":"https:\/\/provendi.fr\/en\/#\/schema\/logo\/image\/","url":"https:\/\/provendi.fr\/wp-content\/uploads\/2022\/01\/Provendi-logo.png","contentUrl":"https:\/\/provendi.fr\/wp-content\/uploads\/2022\/01\/Provendi-logo.png","width":1132,"height":349,"caption":"Laboratoire Provendi"},"image":{"@id":"https:\/\/provendi.fr\/en\/#\/schema\/logo\/image\/"},"sameAs":["https:\/\/www.facebook.com\/Provendi-Laboratoire-172465576229152","https:\/\/www.instagram.com\/provendi_lab\/","https:\/\/www.linkedin.com\/company\/provendi-laboratoire\/"]}]}},"_links":{"self":[{"href":"https:\/\/provendi.fr\/en\/wp-json\/wp\/v2\/product\/2162","targetHints":{"allow":["GET"]}}],"collection":[{"href":"https:\/\/provendi.fr\/en\/wp-json\/wp\/v2\/product"}],"about":[{"href":"https:\/\/provendi.fr\/en\/wp-json\/wp\/v2\/types\/product"}],"wp:featuredmedia":[{"embeddable":true,"href":"https:\/\/provendi.fr\/en\/wp-json\/wp\/v2\/media\/2013"}],"wp:attachment":[{"href":"https:\/\/provendi.fr\/en\/wp-json\/wp\/v2\/media?parent=2162"}],"wp:term":[{"taxonomy":"product_brand","embeddable":true,"href":"https:\/\/provendi.fr\/en\/wp-json\/wp\/v2\/product_brand?post=2162"},{"taxonomy":"product_cat","embeddable":true,"href":"https:\/\/provendi.fr\/en\/wp-json\/wp\/v2\/product_cat?post=2162"},{"taxonomy":"product_tag","embeddable":true,"href":"https:\/\/provendi.fr\/en\/wp-json\/wp\/v2\/product_tag?post=2162"}],"curies":[{"name":"wp","href":"https:\/\/api.w.org\/{rel}","templated":true}]}}